{"id":5879,"date":"2022-02-08T11:13:32","date_gmt":"2022-02-08T13:13:32","guid":{"rendered":"http:\/\/mozambique.org.br\/wp\/?page_id=5879"},"modified":"2024-09-06T07:08:07","modified_gmt":"2024-09-06T10:08:07","slug":"passaporte-biometrico","status":"publish","type":"page","link":"http:\/\/mozambique.org.br\/wp\/?page_id=5879","title":{"rendered":"Emiss\u00e3o do Passaporte Biom\u00e9trico"},"content":{"rendered":"\t\t<div data-elementor-type=\"wp-page\" data-elementor-id=\"5879\" class=\"elementor elementor-5879\" data-elementor-settings=\"[]\">\n\t\t\t\t\t\t\t<div class=\"elementor-section-wrap\">\n\t\t\t\t\t\t\t<section class=\"elementor-section elementor-top-section elementor-element elementor-element-5da0f923 elementor-section-boxed elementor-section-height-default elementor-section-height-default\" data-id=\"5da0f923\" data-element_type=\"section\">\n\t\t\t\t\t\t<div class=\"elementor-container elementor-column-gap-default\">\n\t\t\t\t\t<div class=\"elementor-column elementor-col-100 elementor-top-column elementor-element elementor-element-4ab4a441\" data-id=\"4ab4a441\" data-element_type=\"column\">\n\t\t\t<div class=\"elementor-widget-wrap elementor-element-populated\">\n\t\t\t\t\t\t\t\t<div class=\"elementor-element elementor-element-1cc9949d elementor-widget elementor-widget-ova_heading\" data-id=\"1cc9949d\" data-element_type=\"widget\" data-widget_type=\"ova_heading.default\">\n\t\t\t\t<div class=\"elementor-widget-container\">\n\t\t\t\t\t<div class=\"ova-heading\">\n\t\t\t\n\t\t\t\t\t\t\t<h3 class=\"title second_font\">Emiss\u00e3o do Passaporte Biom\u00e9trico<\/h3>\n\t\t\t\n\t\t\t\n\t\t<\/div>\n\t\t\t\t<\/div>\n\t\t\t\t<\/div>\n\t\t\t\t\t<\/div>\n\t\t<\/div>\n\t\t\t\t\t\t\t<\/div>\n\t\t<\/section>\n\t\t\t\t<section class=\"elementor-section elementor-top-section elementor-element elementor-element-41fbeefe elementor-reverse-mobile elementor-section-boxed elementor-section-height-default elementor-section-height-default\" data-id=\"41fbeefe\" data-element_type=\"section\">\n\t\t\t\t\t\t<div class=\"elementor-container elementor-column-gap-default\">\n\t\t\t\t\t<div class=\"elementor-column elementor-col-50 elementor-top-column elementor-element elementor-element-6499ee82\" data-id=\"6499ee82\" data-element_type=\"column\">\n\t\t\t<div class=\"elementor-widget-wrap elementor-element-populated\">\n\t\t\t\t\t\t\t\t<div class=\"elementor-element elementor-element-5f7d725 elementor-widget elementor-widget-image\" data-id=\"5f7d725\" data-element_type=\"widget\" data-widget_type=\"image.default\">\n\t\t\t\t<div class=\"elementor-widget-container\">\n\t\t\t<style>\/*! elementor - v3.5.5 - 03-02-2022 *\/\n.elementor-widget-image{text-align:center}.elementor-widget-image a{display:inline-block}.elementor-widget-image a img[src$=\".svg\"]{width:48px}.elementor-widget-image img{vertical-align:middle;display:inline-block}<\/style>\t\t\t\t\t\t\t\t\t\t\t\t<img loading=\"lazy\" decoding=\"async\" width=\"213\" height=\"300\" src=\"http:\/\/mozambique.org.br\/wp\/wp-content\/uploads\/2022\/02\/imagemPassaporte.fw_-213x300.png\" class=\"attachment-medium size-medium\" alt=\"\" srcset=\"http:\/\/mozambique.org.br\/wp\/wp-content\/uploads\/2022\/02\/imagemPassaporte.fw_-213x300.png 213w, http:\/\/mozambique.org.br\/wp\/wp-content\/uploads\/2022\/02\/imagemPassaporte.fw_.png 259w\" sizes=\"auto, (max-width: 213px) 100vw, 213px\" \/>\t\t\t\t\t\t\t\t\t\t\t\t\t\t\t<\/div>\n\t\t\t\t<\/div>\n\t\t\t\t<section class=\"elementor-section elementor-inner-section elementor-element elementor-element-5d891ae2 elementor-section-boxed elementor-section-height-default elementor-section-height-default\" data-id=\"5d891ae2\" data-element_type=\"section\" data-settings=\"{&quot;background_background&quot;:&quot;gradient&quot;}\">\n\t\t\t\t\t\t<div class=\"elementor-container elementor-column-gap-default\">\n\t\t\t\t\t<div class=\"elementor-column elementor-col-100 elementor-inner-column elementor-element elementor-element-3ba596bc\" data-id=\"3ba596bc\" data-element_type=\"column\" data-settings=\"{&quot;background_background&quot;:&quot;classic&quot;}\">\n\t\t\t<div class=\"elementor-widget-wrap elementor-element-populated\">\n\t\t\t\t\t\t\t\t<div class=\"elementor-element elementor-element-712efd4d elementor-widget elementor-widget-heading\" data-id=\"712efd4d\" data-element_type=\"widget\" data-widget_type=\"heading.default\">\n\t\t\t\t<div class=\"elementor-widget-container\">\n\t\t\t<style>\/*! elementor - v3.5.5 - 03-02-2022 *\/\n.elementor-heading-title{padding:0;margin:0;line-height:1}.elementor-widget-heading .elementor-heading-title[class*=elementor-size-]>a{color:inherit;font-size:inherit;line-height:inherit}.elementor-widget-heading .elementor-heading-title.elementor-size-small{font-size:15px}.elementor-widget-heading .elementor-heading-title.elementor-size-medium{font-size:19px}.elementor-widget-heading .elementor-heading-title.elementor-size-large{font-size:29px}.elementor-widget-heading .elementor-heading-title.elementor-size-xl{font-size:39px}.elementor-widget-heading .elementor-heading-title.elementor-size-xxl{font-size:59px}<\/style><h2 class=\"elementor-heading-title elementor-size-default\">Menu de Acesso R\u00e1pido<\/h2>\t\t<\/div>\n\t\t\t\t<\/div>\n\t\t\t\t<div class=\"elementor-element elementor-element-16a7e33e elementor-widget elementor-widget-ova_menu_page\" data-id=\"16a7e33e\" data-element_type=\"widget\" data-widget_type=\"ova_menu_page.default\">\n\t\t\t\t<div class=\"elementor-widget-container\">\n\t\t\t\t\t<div class=\"ova_menu_page type3 \" data-position_active=\"\">\n\t\t\t<ul id=\"menu-menu-footer-1\" class=\"menu\"><li id=\"menu-item-6054\" class=\"menu-item menu-item-type-post_type menu-item-object-page menu-item-6054\"><a href=\"http:\/\/mozambique.org.br\/wp\/?page_id=5999\">A Embaixada<\/a><\/li>\n<li id=\"menu-item-6055\" class=\"menu-item menu-item-type-custom menu-item-object-custom menu-item-6055\"><a href=\"https:\/\/www.portaldogoverno.gov.mz\/\">Portal do Governo<\/a><\/li>\n<li id=\"menu-item-6056\" class=\"menu-item menu-item-type-custom menu-item-object-custom menu-item-6056\"><a href=\"http:\/\/www.minec.gov.mz\/\">Minist\u00e9rio dos Neg\u00f3cios Estrangeiros e Coopera\u00e7\u00e3o<\/a><\/li>\n<\/ul>\t\t<\/div>\n\t\t\t\t<\/div>\n\t\t\t\t<\/div>\n\t\t\t\t\t<\/div>\n\t\t<\/div>\n\t\t\t\t\t\t\t<\/div>\n\t\t<\/section>\n\t\t\t\t\t<\/div>\n\t\t<\/div>\n\t\t\t\t<div class=\"elementor-column elementor-col-50 elementor-top-column elementor-element elementor-element-50ddc81b\" data-id=\"50ddc81b\" data-element_type=\"column\">\n\t\t\t<div class=\"elementor-widget-wrap elementor-element-populated\">\n\t\t\t\t\t\t\t\t<div class=\"elementor-element elementor-element-628151f2 elementor-widget elementor-widget-text-editor\" data-id=\"628151f2\" data-element_type=\"widget\" data-widget_type=\"text-editor.default\">\n\t\t\t\t<div class=\"elementor-widget-container\">\n\t\t\t<style>\/*! elementor - v3.5.5 - 03-02-2022 *\/\n.elementor-widget-text-editor.elementor-drop-cap-view-stacked .elementor-drop-cap{background-color:#818a91;color:#fff}.elementor-widget-text-editor.elementor-drop-cap-view-framed .elementor-drop-cap{color:#818a91;border:3px solid;background-color:transparent}.elementor-widget-text-editor:not(.elementor-drop-cap-view-default) .elementor-drop-cap{margin-top:8px}.elementor-widget-text-editor:not(.elementor-drop-cap-view-default) .elementor-drop-cap-letter{width:1em;height:1em}.elementor-widget-text-editor .elementor-drop-cap{float:left;text-align:center;line-height:1;font-size:50px}.elementor-widget-text-editor .elementor-drop-cap-letter{display:inline-block}<\/style>\t\t\t\t<p><strong>INFORMA\u00c7\u00d5ES DE CAR\u00c1CTER GERAL SOBRE O PASSAPORTE BIOM\u00c9TRICO<\/strong><\/p><p>O novo passaporte biom\u00e9trico \u00e9 regulado pelo Decreto do Conselho de Ministros n\u00famero <strong>13\/2008, de 20 de Abril<\/strong>, e \u00e9 emitido pelo Servi\u00e7o Nacional de Migra\u00e7\u00e3o, sendo os dados nele contidos coletados a partir do Bilhete de Identidade biom\u00e9trico.<\/p><p>O novo passaporte, com validade de cinco anos, n\u00e3o permite averbamentos, \u00e9 individual, n\u00e3o \u00e9 transmiss\u00edvel e n\u00e3o \u00e9 renov\u00e1vel.<\/p><p><b>NB<\/b>: Os menores devem possuir os seus passaportes individuais, independentemente da idade.<\/p><p><strong>REQUISITOS<\/strong><\/p><ol><li>Possuir nacionalidade mo\u00e7ambicana;<\/li><li>Ter o formul\u00e1rio devidamente preenchido e assinado;<\/li><li>Apresentar o Bilhete de Identidade, com validade m\u00ednima de 30 dias;<\/li><li>Apresentar o passaporte caducado;<\/li><li>Submeter duas Fotografias tipo-passe, com fundo branco e duas orelhas (<b>evitar uso de trajes de cor branca na captura de fotografia tipo-passe<\/b>);<\/li><li>Apresentar prova de pagamento da taxa do pedido do Passaporte, de taxa \u00fanica de 550,00 Reais;<\/li><\/ol><p style=\"padding-left: 30px;\"><b>NB<\/b>: No caso de menores de 18 anos, al\u00e9m dos requisitos acima citados, deve-se juntar ao pedido uma declara\u00e7\u00e3o de autoriza\u00e7\u00e3o, por escrito e com assinatura reconhecida por Not\u00e1rio ou \u00f3rg\u00e3o competente, de quem, nos termos legais, exerce o poder parental; e<\/p><p>7. Em caso de perda ou extravio do passaporte ou do bilhete de identidade, o requerente dever\u00e1 apresentar uma declara\u00e7\u00e3o emitida pela Pol\u00edcia e a c\u00f3pia do documento extraviado ou furtado caso exista de modo a facilitar a tramita\u00e7\u00e3o e obten\u00e7\u00e3o de um novo documento.<\/p><p><strong>INFORMA\u00c7\u00d5ES SOBRE O PAGAMENTO DAS TAXAS <\/strong><\/p><p>O pagamento dos servi\u00e7os da capta\u00e7\u00e3o de dados deve ser efectuado nas Contas banc\u00e1rias da Embaixada abaixo indicadas.<\/p><p><strong>Em reais:<\/strong><\/p><p><b>Banco<\/b>: Ita\u00fa Personalit\u00e9<br \/><b>Benefici\u00e1rio<\/b>: Consulado de Mo\u00e7ambique<br \/><b>Ag\u00eancia<\/b>: 7011<br \/><b>N\u00ba da conta<\/b>: 92581-0<br \/><b>Ag\u00eancia<\/b>: Bras\u00edlia-DF<br \/><b>CNPJ <\/b>\u2013 04.321.619.0001-59<\/p><p><strong>Em d\u00f3lares (para quem reside no exterior)<\/strong><\/p><p><b>Deutsche Bank Trust Company Americas<\/b> \u2013 New York<br \/><b>Swift Code<\/b>: Bktrus33<br \/><b>Aba<\/b>: 021001033<br \/><b>Banco Benefici\u00e1rio<\/b>: Banco Ita\u00fa S\/A Brasil \u2013 Sp<br \/><b>Conta Corrente<\/b>: 04004949<br \/><b>BANCO ITA\u00da S.A, SWIFT CODE<\/b>: ITAUBRSP<\/p><p><b>CNPJ <\/b>. 04321619.0001-59<\/p>\t\t\t\t\t\t<\/div>\n\t\t\t\t<\/div>\n\t\t\t\t\t<\/div>\n\t\t<\/div>\n\t\t\t\t\t\t\t<\/div>\n\t\t<\/section>\n\t\t\t\t\t\t<\/div>\n\t\t\t\t\t<\/div>\n\t\t","protected":false},"excerpt":{"rendered":"<p>Emiss\u00e3o do Passaporte Biom\u00e9trico Menu de Acesso R\u00e1pido A Embaixada Portal do Governo Minist\u00e9rio dos Neg\u00f3cios Estrangeiros e Coopera\u00e7\u00e3o INFORMA\u00c7\u00d5ES DE CAR\u00c1CTER GERAL SOBRE O PASSAPORTE BIOM\u00c9TRICO O novo passaporte biom\u00e9trico \u00e9 regulado pelo Decreto do Conselho de Ministros n\u00famero 13\/2008, de 20 de Abril, e \u00e9 emitido pelo Servi\u00e7o Nacional de Migra\u00e7\u00e3o, sendo os [&hellip;]<\/p>\n","protected":false},"author":1,"featured_media":0,"parent":0,"menu_order":0,"comment_status":"closed","ping_status":"closed","template":"elementor_header_footer","meta":{"footnotes":""},"class_list":["post-5879","page","type-page","status-publish","hentry"],"_links":{"self":[{"href":"http:\/\/mozambique.org.br\/wp\/index.php?rest_route=\/wp\/v2\/pages\/5879","targetHints":{"allow":["GET"]}}],"collection":[{"href":"http:\/\/mozambique.org.br\/wp\/index.php?rest_route=\/wp\/v2\/pages"}],"about":[{"href":"http:\/\/mozambique.org.br\/wp\/index.php?rest_route=\/wp\/v2\/types\/page"}],"author":[{"embeddable":true,"href":"http:\/\/mozambique.org.br\/wp\/index.php?rest_route=\/wp\/v2\/users\/1"}],"replies":[{"embeddable":true,"href":"http:\/\/mozambique.org.br\/wp\/index.php?rest_route=%2Fwp%2Fv2%2Fcomments&post=5879"}],"version-history":[{"count":53,"href":"http:\/\/mozambique.org.br\/wp\/index.php?rest_route=\/wp\/v2\/pages\/5879\/revisions"}],"predecessor-version":[{"id":6720,"href":"http:\/\/mozambique.org.br\/wp\/index.php?rest_route=\/wp\/v2\/pages\/5879\/revisions\/6720"}],"wp:attachment":[{"href":"http:\/\/mozambique.org.br\/wp\/index.php?rest_route=%2Fwp%2Fv2%2Fmedia&parent=5879"}],"curies":[{"name":"wp","href":"https:\/\/api.w.org\/{rel}","templated":true}]}}