{"id":1205,"date":"2020-08-19T04:14:32","date_gmt":"2020-08-19T04:14:32","guid":{"rendered":"http:\/\/demo.ovathemes.com\/egovt\/?page_id=1205"},"modified":"2024-09-06T05:43:41","modified_gmt":"2024-09-06T08:43:41","slug":"municipal-faqs-2","status":"publish","type":"page","link":"http:\/\/mozambique.org.br\/wp\/?page_id=1205","title":{"rendered":"Procedimentos para solicitar Visto de Investimentos"},"content":{"rendered":"\t\t<div data-elementor-type=\"wp-page\" data-elementor-id=\"1205\" class=\"elementor elementor-1205\" data-elementor-settings=\"[]\">\n\t\t\t\t\t\t\t<div class=\"elementor-section-wrap\">\n\t\t\t\t\t\t\t<section class=\"elementor-section elementor-top-section elementor-element elementor-element-118a773 elementor-section-boxed elementor-section-height-default elementor-section-height-default\" data-id=\"118a773\" data-element_type=\"section\">\n\t\t\t\t\t\t<div class=\"elementor-container elementor-column-gap-default\">\n\t\t\t\t\t<div class=\"elementor-column elementor-col-100 elementor-top-column elementor-element elementor-element-ea3de6f\" data-id=\"ea3de6f\" data-element_type=\"column\">\n\t\t\t<div class=\"elementor-widget-wrap elementor-element-populated\">\n\t\t\t\t\t\t\t\t<div class=\"elementor-element elementor-element-5cf5498 elementor-widget elementor-widget-ova_heading\" data-id=\"5cf5498\" data-element_type=\"widget\" data-widget_type=\"ova_heading.default\">\n\t\t\t\t<div class=\"elementor-widget-container\">\n\t\t\t\t\t<div class=\"ova-heading\">\n\t\t\t\n\t\t\t\t\t\t\t<h3 class=\"title second_font\">Procedimentos para solicitar Visto de Investimentos<\/h3>\n\t\t\t\n\t\t\t\n\t\t<\/div>\n\t\t\t\t<\/div>\n\t\t\t\t<\/div>\n\t\t\t\t\t<\/div>\n\t\t<\/div>\n\t\t\t\t\t\t\t<\/div>\n\t\t<\/section>\n\t\t\t\t<section class=\"elementor-section elementor-top-section elementor-element elementor-element-0282239 elementor-reverse-mobile elementor-section-boxed elementor-section-height-default elementor-section-height-default\" data-id=\"0282239\" data-element_type=\"section\">\n\t\t\t\t\t\t<div class=\"elementor-container elementor-column-gap-default\">\n\t\t\t\t\t<div class=\"elementor-column elementor-col-50 elementor-top-column elementor-element elementor-element-45b2149\" data-id=\"45b2149\" data-element_type=\"column\">\n\t\t\t<div class=\"elementor-widget-wrap elementor-element-populated\">\n\t\t\t\t\t\t\t\t<section class=\"elementor-section elementor-inner-section elementor-element elementor-element-80f3418 elementor-section-boxed elementor-section-height-default elementor-section-height-default\" data-id=\"80f3418\" data-element_type=\"section\">\n\t\t\t\t\t\t<div class=\"elementor-container elementor-column-gap-default\">\n\t\t\t\t\t<div class=\"elementor-column elementor-col-100 elementor-inner-column elementor-element elementor-element-1e694b8\" data-id=\"1e694b8\" data-element_type=\"column\" data-settings=\"{&quot;background_background&quot;:&quot;classic&quot;}\">\n\t\t\t<div class=\"elementor-widget-wrap elementor-element-populated\">\n\t\t\t\t\t\t\t\t<div class=\"elementor-element elementor-element-8d572b6 elementor-widget elementor-widget-heading\" data-id=\"8d572b6\" data-element_type=\"widget\" data-widget_type=\"heading.default\">\n\t\t\t\t<div class=\"elementor-widget-container\">\n\t\t\t<style>\/*! elementor - v3.5.5 - 03-02-2022 *\/\n.elementor-heading-title{padding:0;margin:0;line-height:1}.elementor-widget-heading .elementor-heading-title[class*=elementor-size-]>a{color:inherit;font-size:inherit;line-height:inherit}.elementor-widget-heading .elementor-heading-title.elementor-size-small{font-size:15px}.elementor-widget-heading .elementor-heading-title.elementor-size-medium{font-size:19px}.elementor-widget-heading .elementor-heading-title.elementor-size-large{font-size:29px}.elementor-widget-heading .elementor-heading-title.elementor-size-xl{font-size:39px}.elementor-widget-heading .elementor-heading-title.elementor-size-xxl{font-size:59px}<\/style><h2 class=\"elementor-heading-title elementor-size-default\">Menu de Acesso R\u00e1pido<\/h2>\t\t<\/div>\n\t\t\t\t<\/div>\n\t\t\t\t<div class=\"elementor-element elementor-element-6992b59 elementor-widget elementor-widget-ova_menu_page\" data-id=\"6992b59\" data-element_type=\"widget\" data-widget_type=\"ova_menu_page.default\">\n\t\t\t\t<div class=\"elementor-widget-container\">\n\t\t\t\t\t<div class=\"ova_menu_page type3 \" data-position_active=\"\">\n\t\t\t<ul id=\"menu-menu-footer-1\" class=\"menu\"><li id=\"menu-item-6054\" class=\"menu-item menu-item-type-post_type menu-item-object-page menu-item-6054\"><a href=\"http:\/\/mozambique.org.br\/wp\/?page_id=5999\">A Embaixada<\/a><\/li>\n<li id=\"menu-item-6055\" class=\"menu-item menu-item-type-custom menu-item-object-custom menu-item-6055\"><a href=\"https:\/\/www.portaldogoverno.gov.mz\/\">Portal do Governo<\/a><\/li>\n<li id=\"menu-item-6056\" class=\"menu-item menu-item-type-custom menu-item-object-custom menu-item-6056\"><a href=\"http:\/\/www.minec.gov.mz\/\">Minist\u00e9rio dos Neg\u00f3cios Estrangeiros e Coopera\u00e7\u00e3o<\/a><\/li>\n<\/ul>\t\t<\/div>\n\t\t\t\t<\/div>\n\t\t\t\t<\/div>\n\t\t\t\t\t<\/div>\n\t\t<\/div>\n\t\t\t\t\t\t\t<\/div>\n\t\t<\/section>\n\t\t\t\t\t<\/div>\n\t\t<\/div>\n\t\t\t\t<div class=\"elementor-column elementor-col-50 elementor-top-column elementor-element elementor-element-f6ee3e2\" data-id=\"f6ee3e2\" data-element_type=\"column\">\n\t\t\t<div class=\"elementor-widget-wrap elementor-element-populated\">\n\t\t\t\t\t\t\t\t<div class=\"elementor-element elementor-element-b61693f elementor-widget elementor-widget-text-editor\" data-id=\"b61693f\" data-element_type=\"widget\" data-widget_type=\"text-editor.default\">\n\t\t\t\t<div class=\"elementor-widget-container\">\n\t\t\t<style>\/*! elementor - v3.5.5 - 03-02-2022 *\/\n.elementor-widget-text-editor.elementor-drop-cap-view-stacked .elementor-drop-cap{background-color:#818a91;color:#fff}.elementor-widget-text-editor.elementor-drop-cap-view-framed .elementor-drop-cap{color:#818a91;border:3px solid;background-color:transparent}.elementor-widget-text-editor:not(.elementor-drop-cap-view-default) .elementor-drop-cap{margin-top:8px}.elementor-widget-text-editor:not(.elementor-drop-cap-view-default) .elementor-drop-cap-letter{width:1em;height:1em}.elementor-widget-text-editor .elementor-drop-cap{float:left;text-align:center;line-height:1;font-size:50px}.elementor-widget-text-editor .elementor-drop-cap-letter{display:inline-block}<\/style>\t\t\t\t<p><strong>Visto de Investimentos com a validade de noventa (90) dias &#8211; para Investidores Brasileiros<\/strong><\/p><ul><li><strong>Custo do Visto: R$600,00<\/strong><\/li><\/ul><p>O Visto de Investimentos com a validade de noventa (<strong>90<\/strong>) dias \u00e9 emitido a todo cidad\u00e3o titular do passaporte brasileiro que se desloca ao pa\u00eds para prospec\u00e7\u00e3o de oportunidades comerciais e de investimentos, participar em reuni\u00f5es, confer\u00eancias e semin\u00e1rios de neg\u00f3cios, negociar e assinar contratos, desenvolver atividades de gest\u00e3o e administra\u00e7\u00e3o de neg\u00f3cios, realizar transa\u00e7\u00f5es financeiras e comerciais sobre empresas brasileiras a operar em Mo\u00e7ambique.<\/p><p><b>Para a obten\u00e7\u00e3o do Visto de Investimentos as Empresas ou interessados devem apresentar a seguinte documenta\u00e7\u00e3o:<\/b><\/p><ol><li>Registo Social da Empresa;<\/li><li>CNPJ da Empresa;<\/li><li>Alvar\u00e1 de Funcionamento;<\/li><li>Carta da Empresa contendo endere\u00e7o e contatos; e<\/li><li>Carta Convite de Mo\u00e7ambique contendo endere\u00e7o e contatos.<\/li><\/ol>\t\t\t\t\t\t<\/div>\n\t\t\t\t<\/div>\n\t\t\t\t\t<\/div>\n\t\t<\/div>\n\t\t\t\t\t\t\t<\/div>\n\t\t<\/section>\n\t\t\t\t\t\t<\/div>\n\t\t\t\t\t<\/div>\n\t\t","protected":false},"excerpt":{"rendered":"<p>Procedimentos para solicitar Visto de Investimentos Menu de Acesso R\u00e1pido A Embaixada Portal do Governo Minist\u00e9rio dos Neg\u00f3cios Estrangeiros e Coopera\u00e7\u00e3o Visto de Investimentos com a validade de noventa (90) dias &#8211; para Investidores Brasileiros Custo do Visto: R$600,00 O Visto de Investimentos com a validade de noventa (90) dias \u00e9 emitido a todo cidad\u00e3o [&hellip;]<\/p>\n","protected":false},"author":1,"featured_media":0,"parent":0,"menu_order":0,"comment_status":"closed","ping_status":"closed","template":"elementor_header_footer","meta":{"footnotes":""},"class_list":["post-1205","page","type-page","status-publish","hentry"],"_links":{"self":[{"href":"http:\/\/mozambique.org.br\/wp\/index.php?rest_route=\/wp\/v2\/pages\/1205","targetHints":{"allow":["GET"]}}],"collection":[{"href":"http:\/\/mozambique.org.br\/wp\/index.php?rest_route=\/wp\/v2\/pages"}],"about":[{"href":"http:\/\/mozambique.org.br\/wp\/index.php?rest_route=\/wp\/v2\/types\/page"}],"author":[{"embeddable":true,"href":"http:\/\/mozambique.org.br\/wp\/index.php?rest_route=\/wp\/v2\/users\/1"}],"replies":[{"embeddable":true,"href":"http:\/\/mozambique.org.br\/wp\/index.php?rest_route=%2Fwp%2Fv2%2Fcomments&post=1205"}],"version-history":[{"count":28,"href":"http:\/\/mozambique.org.br\/wp\/index.php?rest_route=\/wp\/v2\/pages\/1205\/revisions"}],"predecessor-version":[{"id":6666,"href":"http:\/\/mozambique.org.br\/wp\/index.php?rest_route=\/wp\/v2\/pages\/1205\/revisions\/6666"}],"wp:attachment":[{"href":"http:\/\/mozambique.org.br\/wp\/index.php?rest_route=%2Fwp%2Fv2%2Fmedia&parent=1205"}],"curies":[{"name":"wp","href":"https:\/\/api.w.org\/{rel}","templated":true}]}}